{"id":528,"date":"2024-04-08T14:03:32","date_gmt":"2024-04-08T07:03:32","guid":{"rendered":"https:\/\/k-chem.vn\/introduction\/"},"modified":"2025-05-23T17:00:53","modified_gmt":"2025-05-23T10:00:53","slug":"introduction","status":"publish","type":"page","link":"https:\/\/k-chem.vn\/vi\/gioi-thieu\/","title":{"rendered":"Gi\u1edbi thi\u1ec7u"},"content":{"rendered":"<p style=\"text-align: justify;\">K-Chem l\u00e0 m\u1ed9t trong nh\u1eefng c\u00f4ng ty s\u1ea3n xu\u1ea5t h\u00f3a ch\u1ea5t hi\u1ec7n \u0111\u1ea1i h\u00e0ng \u0111\u1ea7u t\u1ea1i Vi\u1ec7t Nam, v\u1edbi tr\u1ee5 s\u1edf ch\u00ednh \u0111\u1eb7t t\u1ea1i H\u1ed3ng K\u00f4ng. Ch\u00fang t\u00f4i chuy\u00ean cung c\u1ea5p m\u1ed9t lo\u1ea1t c\u00e1c s\u1ea3n ph\u1ea9m h\u00f3a ch\u1ea5t cho nhi\u1ec1u ng\u00e0nh c\u00f4ng nghi\u1ec7p, bao g\u1ed3m s\u01a1n, keo d\u00e1n, m\u1ef1c in, n\u00f4ng nghi\u1ec7p v\u00e0 nhi\u1ec1u ng\u00e0nh kh\u00e1c. V\u1edbi cam k\u1ebft v\u1ec1 ch\u1ea5t l\u01b0\u1ee3ng v\u00e0 t\u1ed1i \u01b0u h\u00f3a chi ph\u00ed, K-Chem lu\u00f4n n\u1ed7 l\u1ef1c mang \u0111\u1ebfn nh\u1eefng s\u1ea3n ph\u1ea9m t\u1ed1t nh\u1ea5t cho kh\u00e1ch h\u00e0ng.<\/p>\n","protected":false},"excerpt":{"rendered":"<p>Gi\u1edbi thi\u1ec7u v\u1ec1 K-Chem<\/p>\n","protected":false},"author":1,"featured_media":351,"parent":0,"menu_order":50,"comment_status":"closed","ping_status":"closed","template":"pages\/page-introduction.php","meta":{"_acf_changed":false,"footnotes":""},"class_list":["post-528","page","type-page","status-publish","has-post-thumbnail","hentry"],"acf":[],"_links":{"self":[{"href":"https:\/\/k-chem.vn\/vi\/wp-json\/wp\/v2\/pages\/528"}],"collection":[{"href":"https:\/\/k-chem.vn\/vi\/wp-json\/wp\/v2\/pages"}],"about":[{"href":"https:\/\/k-chem.vn\/vi\/wp-json\/wp\/v2\/types\/page"}],"author":[{"embeddable":true,"href":"https:\/\/k-chem.vn\/vi\/wp-json\/wp\/v2\/users\/1"}],"replies":[{"embeddable":true,"href":"https:\/\/k-chem.vn\/vi\/wp-json\/wp\/v2\/comments?post=528"}],"version-history":[{"count":17,"href":"https:\/\/k-chem.vn\/vi\/wp-json\/wp\/v2\/pages\/528\/revisions"}],"predecessor-version":[{"id":2551,"href":"https:\/\/k-chem.vn\/vi\/wp-json\/wp\/v2\/pages\/528\/revisions\/2551"}],"wp:featuredmedia":[{"embeddable":true,"href":"https:\/\/k-chem.vn\/vi\/wp-json\/wp\/v2\/media\/351"}],"wp:attachment":[{"href":"https:\/\/k-chem.vn\/vi\/wp-json\/wp\/v2\/media?parent=528"}],"curies":[{"name":"wp","href":"https:\/\/api.w.org\/{rel}","templated":true}]}}