{"id":796,"date":"2024-05-14T12:00:38","date_gmt":"2024-05-14T05:00:38","guid":{"rendered":"https:\/\/k-chem.vn\/industries\/packaging-2\/"},"modified":"2025-05-20T16:01:25","modified_gmt":"2025-05-20T09:01:25","slug":"packaging-2","status":"publish","type":"page","link":"https:\/\/k-chem.vn\/vi\/san-pham\/packaging-2\/","title":{"rendered":"Dung m\u00f4i pha s\u1eb5n cho m\u1ef1c in"},"content":{"rendered":"<ul>\n<li><a href=\"https:\/\/k-chem.vn\/vi\/pet\/\" target=\"_blank\" rel=\"noopener\"><span style=\"font-weight: 400; color: #800000;\">Dung m\u00f4i pha s\u1eb5n cho m\u1ef1c in tr\u00ean m\u00e0ng PET<\/span><\/a><\/li>\n<li><a href=\"https:\/\/k-chem.vn\/vi\/bopp\/\" target=\"_blank\" rel=\"noopener\"><span style=\"font-weight: 400; color: #800000;\">Dung m\u00f4i pha s\u1eb5n cho m\u1ef1c in tr\u00ean m\u00e0ng OPP, BOPP<\/span><\/a><\/li>\n<li><a href=\"https:\/\/k-chem.vn\/vi\/3pe\/\" target=\"_blank\" rel=\"noopener\"><span style=\"font-weight: 400; color: #800000;\">Dung m\u00f4i pha s\u1eb5n cho m\u1ef1c in tr\u00ean m\u00e0ng PE, MDOPE, LLDPE<\/span><\/a><\/li>\n<li><a href=\"https:\/\/k-chem.vn\/vi\/pvc\/\" target=\"_blank\" rel=\"noopener\"><span style=\"font-weight: 400; color: #800000;\">Dung m\u00f4i pha s\u1eb5n cho m\u1ef1c in tr\u00ean m\u00e0ng PVC<\/span><\/a><\/li>\n<li><a href=\"https:\/\/k-chem.vn\/vi\/polyamide\/\" target=\"_blank\" rel=\"noopener\"><span style=\"font-weight: 400; color: #800000;\">Dung m\u00f4i pha s\u1eb5n cho m\u1ef1c in tr\u00ean m\u00e0ng CPP<\/span><\/a><\/li>\n<li><a href=\"https:\/\/k-chem.vn\/vi\/san-pham\/packaging-2\/mang-nylon\/\" target=\"_blank\" rel=\"noopener\"><span style=\"font-weight: 400; color: #800000;\">Dung m\u00f4i pha s\u1eb5n cho m\u1ef1c in tr\u00ean m\u00e0ng Nylon (PA)<\/span><\/a><\/li>\n<li><a href=\"https:\/\/k-chem.vn\/vi\/industries\/packaging-2\/non-toluene\/\" target=\"_blank\" rel=\"noopener\"><span style=\"font-weight: 400; color: #800000;\">Dung m\u00f4i pha s\u1eb5n cho m\u1ef1c in tr\u00ean gi\u1ea5y<\/span><\/a><\/li>\n<\/ul>\n","protected":false},"excerpt":{"rendered":"<p>Dung m\u00f4i pha s\u1eb5n cho m\u1ef1c in tr\u00ean m\u00e0ng PET Dung m\u00f4i pha s\u1eb5n cho m\u1ef1c in tr\u00ean m\u00e0ng OPP, BOPP Dung m\u00f4i pha s\u1eb5n cho m\u1ef1c in tr\u00ean m\u00e0ng PE, MDOPE, LLDPE Dung m\u00f4i pha s\u1eb5n cho m\u1ef1c in tr\u00ean m\u00e0ng PVC Dung m\u00f4i pha s\u1eb5n cho m\u1ef1c in tr\u00ean m\u00e0ng CPP Dung m\u00f4i [&hellip;]<\/p>\n","protected":false},"author":1,"featured_media":2487,"parent":959,"menu_order":6,"comment_status":"closed","ping_status":"closed","template":"pages\/page-industries.php","meta":{"_acf_changed":false,"footnotes":""},"class_list":["post-796","page","type-page","status-publish","has-post-thumbnail","hentry"],"acf":[],"_links":{"self":[{"href":"https:\/\/k-chem.vn\/vi\/wp-json\/wp\/v2\/pages\/796"}],"collection":[{"href":"https:\/\/k-chem.vn\/vi\/wp-json\/wp\/v2\/pages"}],"about":[{"href":"https:\/\/k-chem.vn\/vi\/wp-json\/wp\/v2\/types\/page"}],"author":[{"embeddable":true,"href":"https:\/\/k-chem.vn\/vi\/wp-json\/wp\/v2\/users\/1"}],"replies":[{"embeddable":true,"href":"https:\/\/k-chem.vn\/vi\/wp-json\/wp\/v2\/comments?post=796"}],"version-history":[{"count":11,"href":"https:\/\/k-chem.vn\/vi\/wp-json\/wp\/v2\/pages\/796\/revisions"}],"predecessor-version":[{"id":2033,"href":"https:\/\/k-chem.vn\/vi\/wp-json\/wp\/v2\/pages\/796\/revisions\/2033"}],"up":[{"embeddable":true,"href":"https:\/\/k-chem.vn\/vi\/wp-json\/wp\/v2\/pages\/959"}],"wp:featuredmedia":[{"embeddable":true,"href":"https:\/\/k-chem.vn\/vi\/wp-json\/wp\/v2\/media\/2487"}],"wp:attachment":[{"href":"https:\/\/k-chem.vn\/vi\/wp-json\/wp\/v2\/media?parent=796"}],"curies":[{"name":"wp","href":"https:\/\/api.w.org\/{rel}","templated":true}]}}